{"id":21,"date":"2016-04-01T15:11:06","date_gmt":"2016-04-01T13:11:06","guid":{"rendered":"http:\/\/baupotential.ch\/?page_id=21"},"modified":"2024-04-12T07:53:22","modified_gmt":"2024-04-12T05:53:22","slug":"ueber-uns","status":"publish","type":"page","link":"https:\/\/baupotential.ch\/?page_id=21","title":{"rendered":"ABOUT"},"content":{"rendered":"\n<p>Die Baupotential GmbH wurde 2016 gegr\u00fcndet. Sie bezweckt die Analyse des Baurechts und die Ermittlung des baulichen Potentials von Neubau- und Sanierungsliegenschaften. Ihre Dienstleistungen erbringt sie gegen\u00fcber Geb\u00e4udeeigent\u00fcmern, Planenden und weiteren Akteuren im Immobilienmarkt.<\/p>\n\n\n\n<figure class=\"wp-block-image\"><img decoding=\"async\" loading=\"lazy\" width=\"326\" height=\"324\" src=\"https:\/\/baupotential.ch\/wp-content\/uploads\/2016\/12\/082sw-Kopie.jpg\" alt=\"\" class=\"wp-image-110\" srcset=\"https:\/\/baupotential.ch\/wp-content\/uploads\/2016\/12\/082sw-Kopie.jpg 326w, https:\/\/baupotential.ch\/wp-content\/uploads\/2016\/12\/082sw-Kopie-150x150.jpg 150w, https:\/\/baupotential.ch\/wp-content\/uploads\/2016\/12\/082sw-Kopie-300x298.jpg 300w\" sizes=\"(max-width: 326px) 100vw, 326px\" \/><\/figure>\n\n\n\n<p><strong>Robert A. Fischer<\/strong><br>dipl. Arch. FH<br>Spezialist Potentialermittlung<br>Gr\u00fcnder, Gesch\u00e4ftsf\u00fchrer und Inhaber<br>Dozent am <a href=\"https:\/\/www.hslu.ch\/de-ch\/technik-architektur\/weiterbildung\/bau\/cas-strategische-bauerneuerung\/\">CAS Strategische Bauerneuerung<\/a> der Hochschule Luzern &#8211; Technik &amp; Architektur\u00a0(HSLU T&amp;A)<\/p>\n\n\n\n<p><\/p>\n\n\n\n<figure class=\"wp-block-image size-large is-resized\"><img decoding=\"async\" loading=\"lazy\" src=\"https:\/\/baupotential.ch\/wp-content\/uploads\/2023\/06\/foto_sl_bw-682x1024.jpg\" alt=\"\" class=\"wp-image-187\" width=\"335\" height=\"502\" srcset=\"https:\/\/baupotential.ch\/wp-content\/uploads\/2023\/06\/foto_sl_bw-682x1024.jpg 682w, https:\/\/baupotential.ch\/wp-content\/uploads\/2023\/06\/foto_sl_bw-200x300.jpg 200w, https:\/\/baupotential.ch\/wp-content\/uploads\/2023\/06\/foto_sl_bw-768x1154.jpg 768w, https:\/\/baupotential.ch\/wp-content\/uploads\/2023\/06\/foto_sl_bw-1022x1536.jpg 1022w, https:\/\/baupotential.ch\/wp-content\/uploads\/2023\/06\/foto_sl_bw-1363x2048.jpg 1363w, https:\/\/baupotential.ch\/wp-content\/uploads\/2023\/06\/foto_sl_bw.jpg 1572w\" sizes=\"(max-width: 335px) 100vw, 335px\" \/><\/figure>\n\n\n\n<p><strong>Simon Schlegel<br><\/strong>Zeichner EFZ Fachbereich Architektur<br>Spezialist Potentialermittlung jr.<br>IT<\/p>\n\n\n\n<p><\/p>\n\n\n\n<p><strong>Ehemalige Mitarbeitende<br><\/strong>Luzia Rohrer<br>Georgios Kapsalidis<br>Nirvan Karim<br>Oliver Haab<br><\/p>\n\n\n\n<p><\/p>\n\n\n\n<p><br><\/p>\n","protected":false},"excerpt":{"rendered":"<p>Die Baupotential GmbH wurde 2016 gegr\u00fcndet. Sie bezweckt die Analyse des Baurechts und die Ermittlung des baulichen Potentials von Neubau- und Sanierungsliegenschaften. Ihre Dienstleistungen erbringt sie gegen\u00fcber Geb\u00e4udeeigent\u00fcmern, Planenden und weiteren Akteuren im Immobilienmarkt. Robert A. Fischerdipl. Arch. FHSpezialist PotentialermittlungGr\u00fcnder, Gesch\u00e4ftsf\u00fchrer und InhaberDozent am CAS Strategische Bauerneuerung der Hochschule Luzern &#8211; Technik &amp; Architektur\u00a0(HSLU T&amp;A) [&hellip;]<\/p>\n","protected":false},"author":1,"featured_media":0,"parent":0,"menu_order":3,"comment_status":"closed","ping_status":"closed","template":"","meta":[],"_links":{"self":[{"href":"https:\/\/baupotential.ch\/index.php?rest_route=\/wp\/v2\/pages\/21"}],"collection":[{"href":"https:\/\/baupotential.ch\/index.php?rest_route=\/wp\/v2\/pages"}],"about":[{"href":"https:\/\/baupotential.ch\/index.php?rest_route=\/wp\/v2\/types\/page"}],"author":[{"embeddable":true,"href":"https:\/\/baupotential.ch\/index.php?rest_route=\/wp\/v2\/users\/1"}],"replies":[{"embeddable":true,"href":"https:\/\/baupotential.ch\/index.php?rest_route=%2Fwp%2Fv2%2Fcomments&post=21"}],"version-history":[{"count":39,"href":"https:\/\/baupotential.ch\/index.php?rest_route=\/wp\/v2\/pages\/21\/revisions"}],"predecessor-version":[{"id":204,"href":"https:\/\/baupotential.ch\/index.php?rest_route=\/wp\/v2\/pages\/21\/revisions\/204"}],"wp:attachment":[{"href":"https:\/\/baupotential.ch\/index.php?rest_route=%2Fwp%2Fv2%2Fmedia&parent=21"}],"curies":[{"name":"wp","href":"https:\/\/api.w.org\/{rel}","templated":true}]}}